{"id":673,"date":"2017-09-06T12:51:44","date_gmt":"2017-09-06T10:51:44","guid":{"rendered":"http:\/\/amaltea-mujeres.org\/?page_id=673"},"modified":"2017-09-06T12:54:12","modified_gmt":"2017-09-06T10:54:12","slug":"bankia-apoya-con-mas-de-9-500-euros-el-proyecto-eliminacion-de-estereotipos-sexistas-en-adolescentes-de-la-ong-amaltea","status":"publish","type":"page","link":"https:\/\/amaltea-mujeres.org\/?page_id=673","title":{"rendered":"Bankia apoya con m\u00e1s de 9.500 euros el proyecto \u2018Eliminaci\u00f3n de estereotipos sexistas en adolescentes\u2019 de la ONG AMALTEA"},"content":{"rendered":"<p><u>En el marco del programa Red Solidaria del banco<\/u><\/p>\n<p><a href=\"http:\/\/amaltea-mujeres.org\/wp-content\/uploads\/2016\/05\/2016_06_taller_violencia_genero.jpg\"><img loading=\"lazy\" decoding=\"async\" class=\"aligncenter wp-image-549 size-medium\" src=\"http:\/\/amaltea-mujeres.org\/wp-content\/uploads\/2016\/05\/2016_06_taller_violencia_genero-300x300.jpg\" width=\"300\" height=\"300\" srcset=\"https:\/\/amaltea-mujeres.org\/wp-content\/uploads\/2016\/05\/2016_06_taller_violencia_genero-300x300.jpg 300w, https:\/\/amaltea-mujeres.org\/wp-content\/uploads\/2016\/05\/2016_06_taller_violencia_genero-150x150.jpg 150w, https:\/\/amaltea-mujeres.org\/wp-content\/uploads\/2016\/05\/2016_06_taller_violencia_genero.jpg 500w\" sizes=\"auto, (max-width: 300px) 100vw, 300px\" \/><\/a><\/p>\n<h4><strong><span style=\"color: #db0900;\">BANKIA APOYA CON M\u00c1S DES 9.500 \u20ac EL PROYECTO \u00abELIMINACI\u00d3N DE ESTEREOTIPOS SEXISTAS EN ADOLESCENTES\u00bb DE LA ONG AMALTEA<\/span><\/strong><\/h4>\n<ul>\n<li>La organizaci\u00f3n desarrollar\u00e1 el proyecto que tiene como finalidad intervenir en el \u00e1mbito escolar para identificar y modificar actitudes y comportamientos sexistas a trav\u00e9s de talleres formativos en la igualdad y beneficiar\u00e1 a 50 adolescentes de la Comunidad de Madrid<\/li>\n<li>Bankia orienta su acci\u00f3n social hacia proyectos locales y cercanos a sus centros de trabajo propuestos por sus propios empleados<\/li>\n<li>La entidad financiera ha apoyado 245 proyectos sociales en 2016, a trav\u00e9s del programa Red Solidaria, por un importe global superior a los 1,4 millones de euros<\/li>\n<\/ul>\n<p><strong>Madrid, 05\/09\/2017. <\/strong>La Asociaci\u00f3n de Mujeres AMALTEA ha recibido el apoyo de Bankia, por importe total de 9.523 euros, para su programa \u2018Eliminaci\u00f3n de estereotipos sexistas en adolescentes\u2019 que tiene como finalidad intervenir con 50 adolescentes mediante talleres formativos en la igualdad y el respeto.<\/p>\n<p>La aportaci\u00f3n de Bankia se enmarca en su programa Red Solidaria, por el que sus oficinas apoyan un proyecto social cercano, que eligen a principios de a\u00f1o, si logran alcanzar sus objetivos de negocio en el conjunto del ejercicio.<\/p>\n<p>En el a\u00f1o 2016, un total de 245 proyectos recibieron apoyo econ\u00f3mico por m\u00e1s de 1,4 millones de euros gracias al programa del banco, lo que favoreci\u00f3 a m\u00e1s de 74.980 personas en todo el \u00e1mbito nacional.<\/p>\n<p>La Asociaci\u00f3n de Mujeres AMALTEA y Bankia han puesto en marcha el proyecto \u2018Eliminaci\u00f3n de estereotipos sexistas en adolescentes\u2019 con el fin de identificar y modificar actitudes y comportamientos sexistas a trav\u00e9s de talleres formativos en la igualdad; facilitando la expresi\u00f3n de emociones positivas y la resoluci\u00f3n de conflictos de forma no violenta, con el fin \u00faltimo de hacer una prevenci\u00f3n efectiva del machismo y de la violencia de g\u00e9nero a nivel primario, eliminando los estereotipos sexistas derivados de una sociedad patriarcal.<\/p>\n<p><strong>Red Solidaria<\/strong><\/p>\n<p>El programa Red Solidaria se inici\u00f3 en 2013 y, desde entonces, trata de reconocer el esfuerzo de los empleados en el logro de objetivos de negocio a trav\u00e9s del apoyo de proyectos sociales cercanos, propuestos por los propios empleados, con el objetivo de que la acci\u00f3n social del banco se desarrolle en las localidades donde est\u00e1 presente.<\/p>\n<p>De este modo, la entidad apoya a las asociaciones, fundaciones y ONG que desarrollan programas de acci\u00f3n social en estas zonas y que generan un impacto local perceptible por sus clientes y empleados.<\/p>\n<p>Este es el caso de la direcci\u00f3n de zona de Pac\u00edfico-Puente Vallecas. Sus empleados eligieron, de forma conjunta, apoyar el proyecto de la ONG AMALTEA y obtuvieron una dotaci\u00f3n econ\u00f3mica de 9.523 euros gracias al cumplimiento de sus objetivos de negocio.<\/p>\n<p><strong>ONG AMALTEA<\/strong><\/p>\n<p>Amaltea es una asociaci\u00f3n de mujeres, organizaci\u00f3n sin \u00e1nimo de lucro, trabajando desde 1998 por la igualdad y el respeto para todas las mujeres, a trav\u00e9s del desarrollo de actividades y proyectos dirigidos a todas aquellas que lo necesiten.<\/p>\n<p><a href=\"http:\/\/www.amaltea-mujeres.org\"><strong>www.amaltea-mujeres.org<\/strong><\/a> \u00a0 \u00a0 \u00a0\u00a0<a href=\"http:\/\/www.bankia.com\"><strong>www.bankia.com<\/strong><\/a><strong>\u00a0\u00a0\u00a0\u00a0\u00a0\u00a0\u00a0\u00a0\u00a0\u00a0 <\/strong><a href=\"http:\/\/www.enaccion.bankia.com\"><strong>www.enaccion.bankia.com<\/strong><\/a><strong>\u00a0\u00a0\u00a0\u00a0\u00a0\u00a0\u00a0\u00a0\u00a0\u00a0\u00a0\u00a0\u00a0\u00a0 \u00a0\u00a0\u00a0 \u00a0\u00a0<\/strong><a href=\"http:\/\/www.blogbankia.es\"><strong>www.blogbankia.es<\/strong><\/a><strong>\u00a0 \u00a0 \u00a0 \u00a0 \u00a0 \u00a0 \u00a0\u00a0<\/strong><\/p>\n<p>&nbsp;<\/p>\n<p>&nbsp;<\/p>\n","protected":false},"excerpt":{"rendered":"<p>En el marco del programa Red Solidaria del banco BANKIA APOYA CON M\u00c1S DES 9.500 \u20ac EL PROYECTO \u00abELIMINACI\u00d3N DE ESTEREOTIPOS SEXISTAS EN ADOLESCENTES\u00bb DE LA ONG AMALTEA La organizaci\u00f3n desarrollar\u00e1 el proyecto que tiene como finalidad intervenir en el \u00e1mbito escolar para identificar y modificar actitudes y comportamientos sexistas a trav\u00e9s de talleres formativos en la igualdad y beneficiar\u00e1 a 50 adolescentes de la Comunidad de Madrid Bankia orienta su acci\u00f3n social hacia proyectos locales y cercanos a sus centros de trabajo propuestos por sus propios empleados La entidad financiera ha apoyado 245 proyectos sociales en 2016, a trav\u00e9s del programa Red Solidaria, por un importe global superior a [&hellip;]<\/p>\n","protected":false},"author":1,"featured_media":0,"parent":0,"menu_order":2,"comment_status":"closed","ping_status":"closed","template":"","meta":{"site-sidebar-layout":"default","site-content-layout":"","ast-site-content-layout":"default","site-content-style":"default","site-sidebar-style":"default","ast-global-header-display":"","ast-banner-title-visibility":"","ast-main-header-display":"","ast-hfb-above-header-display":"","ast-hfb-below-header-display":"","ast-hfb-mobile-header-display":"","site-post-title":"","ast-breadcrumbs-content":"","ast-featured-img":"","footer-sml-layout":"","theme-transparent-header-meta":"","adv-header-id-meta":"","stick-header-meta":"","header-above-stick-meta":"","header-main-stick-meta":"","header-below-stick-meta":"","astra-migrate-meta-layouts":"default","ast-page-background-enabled":"default","ast-page-background-meta":{"desktop":{"background-color":"var(--ast-global-color-5)","background-image":"","background-repeat":"repeat","background-position":"center center","background-size":"auto","background-attachment":"scroll","background-type":"","background-media":"","overlay-type":"","overlay-color":"","overlay-opacity":"","overlay-gradient":""},"tablet":{"background-color":"","background-image":"","background-repeat":"repeat","background-position":"center center","background-size":"auto","background-attachment":"scroll","background-type":"","background-media":"","overlay-type":"","overlay-color":"","overlay-opacity":"","overlay-gradient":""},"mobile":{"background-color":"","background-image":"","background-repeat":"repeat","background-position":"center center","background-size":"auto","background-attachment":"scroll","background-type":"","background-media":"","overlay-type":"","overlay-color":"","overlay-opacity":"","overlay-gradient":""}},"ast-content-background-meta":{"desktop":{"background-color":"var(--ast-global-color-4)","background-image":"","background-repeat":"repeat","background-position":"center center","background-size":"auto","background-attachment":"scroll","background-type":"","background-media":"","overlay-type":"","overlay-color":"","overlay-opacity":"","overlay-gradient":""},"tablet":{"background-color":"var(--ast-global-color-4)","background-image":"","background-repeat":"repeat","background-position":"center center","background-size":"auto","background-attachment":"scroll","background-type":"","background-media":"","overlay-type":"","overlay-color":"","overlay-opacity":"","overlay-gradient":""},"mobile":{"background-color":"var(--ast-global-color-4)","background-image":"","background-repeat":"repeat","background-position":"center center","background-size":"auto","background-attachment":"scroll","background-type":"","background-media":"","overlay-type":"","overlay-color":"","overlay-opacity":"","overlay-gradient":""}},"footnotes":""},"class_list":["post-673","page","type-page","status-publish","hentry"],"_links":{"self":[{"href":"https:\/\/amaltea-mujeres.org\/index.php?rest_route=\/wp\/v2\/pages\/673","targetHints":{"allow":["GET"]}}],"collection":[{"href":"https:\/\/amaltea-mujeres.org\/index.php?rest_route=\/wp\/v2\/pages"}],"about":[{"href":"https:\/\/amaltea-mujeres.org\/index.php?rest_route=\/wp\/v2\/types\/page"}],"author":[{"embeddable":true,"href":"https:\/\/amaltea-mujeres.org\/index.php?rest_route=\/wp\/v2\/users\/1"}],"replies":[{"embeddable":true,"href":"https:\/\/amaltea-mujeres.org\/index.php?rest_route=%2Fwp%2Fv2%2Fcomments&post=673"}],"version-history":[{"count":4,"href":"https:\/\/amaltea-mujeres.org\/index.php?rest_route=\/wp\/v2\/pages\/673\/revisions"}],"predecessor-version":[{"id":677,"href":"https:\/\/amaltea-mujeres.org\/index.php?rest_route=\/wp\/v2\/pages\/673\/revisions\/677"}],"wp:attachment":[{"href":"https:\/\/amaltea-mujeres.org\/index.php?rest_route=%2Fwp%2Fv2%2Fmedia&parent=673"}],"curies":[{"name":"wp","href":"https:\/\/api.w.org\/{rel}","templated":true}]}}