{"id":395,"date":"2016-05-11T00:05:46","date_gmt":"2016-05-10T22:05:46","guid":{"rendered":"http:\/\/amaltea-mujeres.org\/?page_id=395"},"modified":"2016-05-25T12:41:53","modified_gmt":"2016-05-25T10:41:53","slug":"accion-internacional","status":"publish","type":"page","link":"https:\/\/amaltea-mujeres.org\/?page_id=395","title":{"rendered":"Acci\u00f3n internacional"},"content":{"rendered":"<p>Desde 1999, una de nuestras l\u00edneas de trabajo es la cooperaci\u00f3n internacional para evitar situaciones en que se vulneran los derechos humanos en general y, muy especialmente, de mujeres en cualquier parte del mundo.<\/p>\n<p>Hemos apoyado sobre el terreno el trabajo de asociaciones de mujeres de <strong>M\u00e9jico y Guatemala<\/strong> en su denuncia de feminicidios.<\/p>\n<p>Trabajamos con organizaciones internacionales como la <strong>Uni\u00f3n de Mujeres Saharauis<\/strong> y hemos visitado en numerosas ocasiones los campamentos de refugiados en la Hamada Argelina y los Territorios Ocupados para denunciar su situaci\u00f3n insostenible.<\/p>\n<p>Desde el inicio de la Primavera \u00c1rabe, nuestra presidenta colabora con la <strong>Uni\u00f3n de Mujeres Egipcias por el Cambio<\/strong>, en su trabajo por el reconocimiento de los derechos de las mujeres en la Constituci\u00f3n redactada tras la deposici\u00f3n de Mubarak; y en la que despu\u00e9s se ha redactado tras la ca\u00edda de Morsi.<\/p>\n<p>En este pa\u00eds colaboramos, desde hace a\u00f1os, con <strong>EBWA (Egyptian Business Women Association), con AFRAWE (African Alliance for Women Empowerment), con BPW-Egypt (Business and Professional Women Egypt), y con el Arab Center for Law Awareness<\/strong> para el empoderamiento pol\u00edtico de las mujeres egipcias.<\/p>\n<p>Nuestro compromiso con los Derechos Humanos nos ha llevado a trabajar, desde hace d\u00e9cadas, por la paz y el fin del conflicto en Palestina, viajando en numerosas ocasiones tanto al West Bank y Gaza como a Israel y a Siria. Hemos colaborado con la Cooperativa de Mujeres \u201cWomen in Hebron\u201d, la Casa de Acogida para V\u00edctimas de Violencia de G\u00e9nero Mehwar y con diferentes proyectos en los Campamentos de Refugiados Al-Aroub, Aida, Jalazone.<\/p>\n<p>&nbsp;<\/p>\n<p>&nbsp;<\/p>\n","protected":false},"excerpt":{"rendered":"<p>Desde 1999, una de nuestras l\u00edneas de trabajo es la cooperaci\u00f3n internacional para evitar situaciones en que se vulneran los derechos humanos en general y, muy especialmente, de mujeres en cualquier parte del mundo. Hemos apoyado sobre el terreno el trabajo de asociaciones de mujeres de M\u00e9jico y Guatemala en su denuncia de feminicidios. Trabajamos con organizaciones internacionales como la Uni\u00f3n de Mujeres Saharauis y hemos visitado en numerosas ocasiones los campamentos de refugiados en la Hamada Argelina y los Territorios Ocupados para denunciar su situaci\u00f3n insostenible. Desde el inicio de la Primavera \u00c1rabe, nuestra presidenta colabora con la Uni\u00f3n de Mujeres Egipcias por el Cambio, en su trabajo por [&hellip;]<\/p>\n","protected":false},"author":1,"featured_media":0,"parent":311,"menu_order":0,"comment_status":"closed","ping_status":"closed","template":"","meta":{"site-sidebar-layout":"default","site-content-layout":"","ast-site-content-layout":"default","site-content-style":"default","site-sidebar-style":"default","ast-global-header-display":"","ast-banner-title-visibility":"","ast-main-header-display":"","ast-hfb-above-header-display":"","ast-hfb-below-header-display":"","ast-hfb-mobile-header-display":"","site-post-title":"","ast-breadcrumbs-content":"","ast-featured-img":"","footer-sml-layout":"","theme-transparent-header-meta":"","adv-header-id-meta":"","stick-header-meta":"","header-above-stick-meta":"","header-main-stick-meta":"","header-below-stick-meta":"","astra-migrate-meta-layouts":"default","ast-page-background-enabled":"default","ast-page-background-meta":{"desktop":{"background-color":"var(--ast-global-color-5)","background-image":"","background-repeat":"repeat","background-position":"center center","background-size":"auto","background-attachment":"scroll","background-type":"","background-media":"","overlay-type":"","overlay-color":"","overlay-opacity":"","overlay-gradient":""},"tablet":{"background-color":"","background-image":"","background-repeat":"repeat","background-position":"center center","background-size":"auto","background-attachment":"scroll","background-type":"","background-media":"","overlay-type":"","overlay-color":"","overlay-opacity":"","overlay-gradient":""},"mobile":{"background-color":"","background-image":"","background-repeat":"repeat","background-position":"center center","background-size":"auto","background-attachment":"scroll","background-type":"","background-media":"","overlay-type":"","overlay-color":"","overlay-opacity":"","overlay-gradient":""}},"ast-content-background-meta":{"desktop":{"background-color":"var(--ast-global-color-4)","background-image":"","background-repeat":"repeat","background-position":"center center","background-size":"auto","background-attachment":"scroll","background-type":"","background-media":"","overlay-type":"","overlay-color":"","overlay-opacity":"","overlay-gradient":""},"tablet":{"background-color":"var(--ast-global-color-4)","background-image":"","background-repeat":"repeat","background-position":"center center","background-size":"auto","background-attachment":"scroll","background-type":"","background-media":"","overlay-type":"","overlay-color":"","overlay-opacity":"","overlay-gradient":""},"mobile":{"background-color":"var(--ast-global-color-4)","background-image":"","background-repeat":"repeat","background-position":"center center","background-size":"auto","background-attachment":"scroll","background-type":"","background-media":"","overlay-type":"","overlay-color":"","overlay-opacity":"","overlay-gradient":""}},"footnotes":""},"class_list":["post-395","page","type-page","status-publish","hentry"],"_links":{"self":[{"href":"https:\/\/amaltea-mujeres.org\/index.php?rest_route=\/wp\/v2\/pages\/395","targetHints":{"allow":["GET"]}}],"collection":[{"href":"https:\/\/amaltea-mujeres.org\/index.php?rest_route=\/wp\/v2\/pages"}],"about":[{"href":"https:\/\/amaltea-mujeres.org\/index.php?rest_route=\/wp\/v2\/types\/page"}],"author":[{"embeddable":true,"href":"https:\/\/amaltea-mujeres.org\/index.php?rest_route=\/wp\/v2\/users\/1"}],"replies":[{"embeddable":true,"href":"https:\/\/amaltea-mujeres.org\/index.php?rest_route=%2Fwp%2Fv2%2Fcomments&post=395"}],"version-history":[{"count":4,"href":"https:\/\/amaltea-mujeres.org\/index.php?rest_route=\/wp\/v2\/pages\/395\/revisions"}],"predecessor-version":[{"id":506,"href":"https:\/\/amaltea-mujeres.org\/index.php?rest_route=\/wp\/v2\/pages\/395\/revisions\/506"}],"up":[{"embeddable":true,"href":"https:\/\/amaltea-mujeres.org\/index.php?rest_route=\/wp\/v2\/pages\/311"}],"wp:attachment":[{"href":"https:\/\/amaltea-mujeres.org\/index.php?rest_route=%2Fwp%2Fv2%2Fmedia&parent=395"}],"curies":[{"name":"wp","href":"https:\/\/api.w.org\/{rel}","templated":true}]}}